{"id":131,"date":"2020-11-03T18:49:42","date_gmt":"2020-11-03T17:49:42","guid":{"rendered":"http:\/\/explorateursdenature.org\/?page_id=131"},"modified":"2023-09-05T15:02:09","modified_gmt":"2023-09-05T13:02:09","slug":"rencontrons-nous","status":"publish","type":"page","link":"https:\/\/explorateursdenature.org\/index.php\/rencontrons-nous\/","title":{"rendered":"Rencontrons-nous !"},"content":{"rendered":"<div data-colibri-id=\"131-c1\" class=\"style-302 style-local-131-c1 position-relative\">\n  <!---->\n  <div data-colibri-component=\"section\" data-colibri-id=\"131-c2\" id=\"content\" class=\"h-section h-section-global-spacing d-flex align-items-lg-center align-items-md-center align-items-center style-303 style-local-131-c2 position-relative\">\n    <!---->\n    <!---->\n    <div class=\"h-section-grid-container h-section-boxed-container\">\n      <!---->\n      <div data-colibri-id=\"131-c3\" class=\"h-row-container gutters-row-lg-2 gutters-row-md-2 gutters-row-2 gutters-row-v-lg-2 gutters-row-v-md-2 gutters-row-v-2 style-304 style-local-131-c3 position-relative\">\n        <!---->\n        <div class=\"h-row justify-content-lg-center justify-content-md-center justify-content-center align-items-lg-stretch align-items-md-stretch align-items-stretch gutters-col-lg-2 gutters-col-md-2 gutters-col-2 gutters-col-v-lg-2 gutters-col-v-md-2 gutters-col-v-2\">\n          <!---->\n          <div class=\"h-column h-column-container d-flex h-col-lg-auto h-col-md-auto h-col-auto style-305-outer style-local-131-c4-outer\">\n            <div data-colibri-id=\"131-c4\" class=\"d-flex h-flex-basis h-column__inner h-px-lg-0 h-px-md-0 h-px-2 v-inner-lg-0 v-inner-md-0 v-inner-2 style-305 style-local-131-c4 position-relative\">\n              <!---->\n              <!---->\n              <div class=\"w-100 h-y-container h-column__content h-column__v-align flex-basis-100 align-self-lg-start align-self-md-start align-self-start\">\n                <!---->\n                <div data-colibri-id=\"131-c5\" class=\"h-global-transition-all h-heading style-306 style-local-131-c5 position-relative h-element\">\n                  <!---->\n                  <div class=\"h-heading__outer style-306 style-local-131-c5\">\n                    <!---->\n                    <!---->\n                    <h3 class=\"\">Rencontrons-nous !<\/h3>\n                  <\/div>\n                <\/div>\n                <div data-colibri-id=\"131-c6\" class=\"h-text h-text-component style-307 style-local-131-c6 position-relative h-element\">\n                  <!---->\n                  <!---->\n                  <div class=\"\">\n                    <p>Je vous recontacterai avec plaisir pour \u00e9changer sur vos envies de d\u00e9couvertes et d\u2019explorations : ateliers \u00e0 la journ\u00e9e ou demi-journ\u00e9e, projet p\u00e9dagogique scolaire, animation d\u2019anniversaire&#8230;<\/p>\n                    <p>Nous pouvons choisir ensemble d\u2019approfondir une th\u00e9matique.\n                      <br>\n                      <br>J&rsquo;interviens sur Chamb\u00e9ry et la Savoie. Plus loin sur demande.\n                      <br>\n                    <\/p>\n                    <p>\n                      <br>\n                    <\/p>\n                    <p>\n                      <br>\n                    <\/p>\n                    <p>Explorateurs de Nature<\/p>\n                    <p>Anne DEGREY<\/p>\n                    <p>06 77 75 06 83\n                      <br>\n                      <br>Vous pouvez me contacter par mail avec le formulaire ci-dessous\n                      <br>\n                    <\/p>\n                  <\/div>\n                <\/div>\n              <\/div>\n            <\/div>\n          <\/div>\n          <div class=\"h-column h-column-container d-flex h-col-lg-auto h-col-md-auto h-col-auto style-310-outer style-local-131-c7-outer\">\n            <div data-colibri-id=\"131-c7\" class=\"d-flex h-flex-basis h-column__inner h-px-lg-0 h-px-md-2 h-px-0 v-inner-lg-0 v-inner-md-2 v-inner-0 style-310 style-local-131-c7 position-relative\">\n              <!---->\n              <!---->\n              <div class=\"w-100 h-y-container h-column__content h-column__v-align flex-basis-100 align-self-lg-start align-self-md-start align-self-start\">\n                <!---->\n                <div data-colibri-id=\"131-c8\" class=\"d-block style-311 style-local-131-c8 position-relative h-element\">\n                  <!---->\n                  <div class=\"h-image__frame-container-outer\">\n                    <div class=\"h-image__frame-container\">\n                      <!---->\n                      <!---->\n                      <img loading=\"lazy\" decoding=\"async\" width=\"432\" height=\"432\" src=\"http:\/\/explorateursdenature.org\/wp-content\/uploads\/2020\/11\/cropped-Emmontagnee-de-Blaitiere-Photos-Eric-THIOLIERE.jpg\" class=\"wp-image-2967 style-311-image style-local-131-c8-image\" alt=\"\" srcset=\"https:\/\/explorateursdenature.org\/wp-content\/uploads\/2020\/11\/cropped-Emmontagnee-de-Blaitiere-Photos-Eric-THIOLIERE.jpg 432w, https:\/\/explorateursdenature.org\/wp-content\/uploads\/2020\/11\/cropped-Emmontagnee-de-Blaitiere-Photos-Eric-THIOLIERE-300x300.jpg 300w, https:\/\/explorateursdenature.org\/wp-content\/uploads\/2020\/11\/cropped-Emmontagnee-de-Blaitiere-Photos-Eric-THIOLIERE-150x150.jpg 150w\" sizes=\"(max-width: 432px) 100vw, 432px\" \/>\n                      <div class=\"h-image__frame h-hide-sm style-311-frameImage style-local-131-c8-frameImage\"><\/div>\n                    <\/div>\n                  <\/div>\n                <\/div>\n              <\/div>\n            <\/div>\n          <\/div>\n        <\/div>\n      <\/div>\n    <\/div>\n  <\/div>\n  <div data-colibri-component=\"section\" data-colibri-id=\"131-c9\" id=\"custom\" class=\"h-section h-section-global-spacing d-flex align-items-lg-center align-items-md-center align-items-center style-750 style-local-131-c9 position-relative\">\n    <!---->\n    <!---->\n    <div class=\"h-section-grid-container h-section-boxed-container\">\n      <!---->\n      <div data-colibri-id=\"131-c10\" class=\"h-row-container gutters-row-lg-0 gutters-row-md-0 gutters-row-0 gutters-row-v-lg-0 gutters-row-v-md-0 gutters-row-v-0 style-751 style-local-131-c10 position-relative\">\n        <!---->\n        <div class=\"h-row justify-content-lg-center justify-content-md-center justify-content-center align-items-lg-stretch align-items-md-stretch align-items-stretch gutters-col-lg-0 gutters-col-md-0 gutters-col-0 gutters-col-v-lg-0 gutters-col-v-md-0 gutters-col-v-0\">\n          <!---->\n          <div class=\"h-column h-column-container d-flex h-col-lg-auto h-col-md-auto h-col-auto style-752-outer style-local-131-c11-outer\">\n            <div data-colibri-id=\"131-c11\" class=\"d-flex h-flex-basis h-column__inner h-px-lg-0 h-px-md-0 h-px-0 v-inner-lg-0 v-inner-md-0 v-inner-0 style-752 style-local-131-c11 position-relative\">\n              <!---->\n              <!---->\n              <div class=\"w-100 h-y-container h-column__content h-column__v-align flex-basis-100 align-self-lg-start align-self-md-start align-self-start\">\n                <!---->\n                <div data-colibri-id=\"131-c12\" class=\"h-contact-form__outer--forminator style-754 style-local-131-c12 position-relative h-element\">\n                  <!---->\n                  <div class=\"h-global-transition-all h-global-transition h-global-transition-all h-contact-form-shortcode\"><form id=\"forminator-module-1982\" class=\"forminator-custom-form forminator-custom-form-1982\" action=\"\" method=\"post\" data-forminator-render=\"0\"><div class=\"forminator-response-message forminator-error\" aria-hidden=\"true\"><\/div><\/form><\/div>\n                <\/div>\n              <\/div>\n            <\/div>\n          <\/div>\n        <\/div>\n      <\/div>\n    <\/div>\n  <\/div>\n  <div data-colibri-component=\"section\" data-colibri-id=\"131-c13\" id=\"reusable-sections\" class=\"h-section h-section-global-spacing d-flex align-items-lg-center align-items-md-center align-items-center style-1582 style-local-131-c13 position-relative\">\n    <!---->\n    <!---->\n    <div class=\"h-section-grid-container h-section-boxed-container\">\n      <!---->\n      <div data-colibri-id=\"131-c14\" class=\"h-row-container gutters-row-lg-2 gutters-row-md-2 gutters-row-2 gutters-row-v-lg-2 gutters-row-v-md-2 gutters-row-v-2 style-1583 style-local-131-c14 position-relative\">\n        <!---->\n        <div class=\"h-row justify-content-lg-center justify-content-md-center justify-content-center align-items-lg-stretch align-items-md-stretch align-items-stretch gutters-col-lg-2 gutters-col-md-2 gutters-col-2 gutters-col-v-lg-2 gutters-col-v-md-2 gutters-col-v-2\">\n          <!---->\n          <div class=\"h-column h-column-container d-flex h-col-lg-auto h-col-md-auto h-col-auto style-1584-outer style-local-131-c15-outer\">\n            <div data-colibri-id=\"131-c15\" class=\"d-flex h-flex-basis h-column__inner h-px-lg-0 h-px-md-2 h-px-0 v-inner-lg-0 v-inner-md-2 v-inner-0 style-1584 style-local-131-c15 position-relative\">\n              <!---->\n              <!---->\n              <div class=\"w-100 h-y-container h-column__content h-column__v-align flex-basis-100 align-self-lg-center align-self-md-center align-self-center\">\n                <!---->\n                <div data-colibri-id=\"131-c16\" class=\"d-block style-1585 style-local-131-c16 position-relative h-element\">\n                  <!---->\n                  <div class=\"h-image__frame-container-outer\">\n                    <div class=\"h-image__frame-container\">\n                      <!---->\n                      <!---->\n                      <img loading=\"lazy\" decoding=\"async\" width=\"425\" height=\"425\" src=\"http:\/\/explorateursdenature.org\/wp-content\/uploads\/2023\/09\/newletter.jpg\" class=\"wp-image-5247 style-1585-image style-local-131-c16-image\" alt=\"\" srcset=\"https:\/\/explorateursdenature.org\/wp-content\/uploads\/2023\/09\/newletter.jpg 425w, https:\/\/explorateursdenature.org\/wp-content\/uploads\/2023\/09\/newletter-300x300.jpg 300w, https:\/\/explorateursdenature.org\/wp-content\/uploads\/2023\/09\/newletter-150x150.jpg 150w\" sizes=\"(max-width: 425px) 100vw, 425px\" \/>\n                      <div class=\"h-image__frame h-hide-sm style-1585-frameImage style-local-131-c16-frameImage\"><\/div>\n                    <\/div>\n                  <\/div>\n                <\/div>\n              <\/div>\n            <\/div>\n          <\/div>\n          <div class=\"h-column h-column-container d-flex h-col-lg-auto h-col-md-auto h-col-auto style-1586-outer style-local-131-c17-outer\">\n            <div data-colibri-id=\"131-c17\" class=\"d-flex h-flex-basis h-column__inner h-px-lg-0 h-px-md-0 h-px-2 v-inner-lg-0 v-inner-md-0 v-inner-2 style-1586 style-local-131-c17 position-relative\">\n              <!---->\n              <!---->\n              <div class=\"w-100 h-y-container h-column__content h-column__v-align flex-basis-100 align-self-lg-center align-self-md-center align-self-center\">\n                <!---->\n                <div data-colibri-id=\"131-c18\" class=\"h-global-transition-all h-heading style-1587 style-local-131-c18 position-relative h-element\">\n                  <!---->\n                  <div class=\"h-heading__outer style-1587 style-local-131-c18\">\n                    <!---->\n                    <!---->\n                    <h3 class=\"\">Recevez toutes les infos d&rsquo;Explorateurs de nature<\/h3>\n                  <\/div>\n                <\/div>\n                <div data-colibri-id=\"131-c19\" class=\"h-text h-text-component style-1588 style-local-131-c19 position-relative h-element\">\n                  <!---->\n                  <!---->\n                  <div class=\"\">\n                    <p>Inscrivez-vous sur la liste Explorateurs de nature pour recevoir les dates et th\u00e8mes de sorties chaque mois, \u00e9v\u00e8nements, mini-stages&#8230; A tr\u00e8s vite !<\/p>\n                  <\/div>\n                <\/div>\n                <div data-colibri-id=\"131-c20\" class=\"h-contact-form__outer--forminator position-relative h-element\">\n                  <!---->\n                  <div class=\"h-global-transition-all h-global-transition h-global-transition-all h-contact-form-shortcode--no-style\"><form id=\"forminator-module-5255\" class=\"forminator-custom-form forminator-custom-form-5255\" action=\"\" method=\"post\" data-forminator-render=\"0\"><div class=\"forminator-response-message forminator-error\" aria-hidden=\"true\"><\/div><\/form><\/div>\n                <\/div>\n              <\/div>\n            <\/div>\n          <\/div>\n        <\/div>\n      <\/div>\n    <\/div>\n  <\/div>\n<\/div>","protected":false},"excerpt":{"rendered":"<p>Rencontrons-nous ! Je vous recontacterai avec plaisir pour \u00e9changer sur vos envies de d\u00e9couvertes et d\u2019explorations : ateliers \u00e0 la journ\u00e9e ou demi-journ\u00e9e, projet p\u00e9dagogique scolaire, animation d\u2019anniversaire&#8230; Nous pouvons choisir ensemble d\u2019approfondir une th\u00e9matique. J&rsquo;interviens sur Chamb\u00e9ry et la Savoie. Plus loin sur demande. Explorateurs de Nature Anne DEGREY 06 77 75 06 83 [&hellip;]<\/p>\n","protected":false},"author":1,"featured_media":0,"parent":0,"menu_order":5,"comment_status":"closed","ping_status":"closed","template":"page-templates\/full-width-page.php","meta":{"footnotes":""},"class_list":["post-131","page","type-page","status-publish","hentry"],"_links":{"self":[{"href":"https:\/\/explorateursdenature.org\/index.php\/wp-json\/wp\/v2\/pages\/131"}],"collection":[{"href":"https:\/\/explorateursdenature.org\/index.php\/wp-json\/wp\/v2\/pages"}],"about":[{"href":"https:\/\/explorateursdenature.org\/index.php\/wp-json\/wp\/v2\/types\/page"}],"author":[{"embeddable":true,"href":"https:\/\/explorateursdenature.org\/index.php\/wp-json\/wp\/v2\/users\/1"}],"replies":[{"embeddable":true,"href":"https:\/\/explorateursdenature.org\/index.php\/wp-json\/wp\/v2\/comments?post=131"}],"version-history":[{"count":20,"href":"https:\/\/explorateursdenature.org\/index.php\/wp-json\/wp\/v2\/pages\/131\/revisions"}],"predecessor-version":[{"id":5347,"href":"https:\/\/explorateursdenature.org\/index.php\/wp-json\/wp\/v2\/pages\/131\/revisions\/5347"}],"wp:attachment":[{"href":"https:\/\/explorateursdenature.org\/index.php\/wp-json\/wp\/v2\/media?parent=131"}],"curies":[{"name":"wp","href":"https:\/\/api.w.org\/{rel}","templated":true}]}}