{"id":5966,"date":"2025-01-31T14:57:39","date_gmt":"2025-01-31T13:57:39","guid":{"rendered":"http:\/\/explorateursdenature.org\/?page_id=5966"},"modified":"2025-01-31T15:05:36","modified_gmt":"2025-01-31T14:05:36","slug":"kiviolak","status":"publish","type":"page","link":"http:\/\/explorateursdenature.org\/index.php\/explorons-la-nature\/kiviolak\/","title":{"rendered":"Kivi\u00d4lak"},"content":{"rendered":"<div data-colibri-id=\"5966-c1\" class=\"style-1803 style-local-5966-c1 position-relative\">\r\n  <!---->\r\n  <div data-colibri-component=\"section\" data-colibri-id=\"5966-c2\" id=\"reusable-sections\" class=\"h-section h-section-global-spacing d-flex align-items-lg-center align-items-md-center align-items-center style-1804 style-local-5966-c2 position-relative\">\r\n    <!---->\r\n    <!---->\r\n    <div class=\"h-section-grid-container h-section-boxed-container\">\r\n      <!---->\r\n      <div data-colibri-id=\"5966-c3\" class=\"h-row-container gutters-row-lg-2 gutters-row-md-2 gutters-row-2 gutters-row-v-lg-2 gutters-row-v-md-2 gutters-row-v-2 style-1805 style-local-5966-c3 position-relative\">\r\n        <!---->\r\n        <div class=\"h-row justify-content-lg-center justify-content-md-center justify-content-center align-items-lg-stretch align-items-md-stretch align-items-stretch gutters-col-lg-2 gutters-col-md-2 gutters-col-2 gutters-col-v-lg-2 gutters-col-v-md-2 gutters-col-v-2\">\r\n          <!---->\r\n          <div class=\"h-column h-column-container d-flex h-col-lg-auto h-col-md-auto h-col-auto style-1806-outer style-local-5966-c4-outer\">\r\n            <div data-colibri-id=\"5966-c4\" class=\"d-flex h-flex-basis h-column__inner h-px-lg-0 h-px-md-2 h-px-0 v-inner-lg-0 v-inner-md-2 v-inner-0 style-1806 style-local-5966-c4 position-relative\">\r\n              <!---->\r\n              <!---->\r\n              <div class=\"w-100 h-y-container h-column__content h-column__v-align flex-basis-100 align-self-lg-start align-self-md-start align-self-start\">\r\n                <!---->\r\n                <div data-colibri-id=\"5966-c5\" class=\"d-block style-1807 style-local-5966-c5 position-relative h-element\">\r\n                  <!---->\r\n                  <div class=\"h-image__frame-container-outer\">\r\n                    <div class=\"h-image__frame-container\">\r\n                      <!---->\r\n                      <!---->\r\n                      <img loading=\"lazy\" decoding=\"async\" width=\"1921\" height=\"1917\" src=\"http:\/\/explorateursdenature.org\/wp-content\/uploads\/2024\/06\/cropped-IMG_20230926_161753-scaled-1.jpg\" class=\"wp-image-5970 style-1807-image style-local-5966-c5-image\" alt=\"\" srcset=\"http:\/\/explorateursdenature.org\/wp-content\/uploads\/2024\/06\/cropped-IMG_20230926_161753-scaled-1.jpg 1921w, http:\/\/explorateursdenature.org\/wp-content\/uploads\/2024\/06\/cropped-IMG_20230926_161753-scaled-1-300x300.jpg 300w, http:\/\/explorateursdenature.org\/wp-content\/uploads\/2024\/06\/cropped-IMG_20230926_161753-scaled-1-1024x1022.jpg 1024w, http:\/\/explorateursdenature.org\/wp-content\/uploads\/2024\/06\/cropped-IMG_20230926_161753-scaled-1-150x150.jpg 150w, http:\/\/explorateursdenature.org\/wp-content\/uploads\/2024\/06\/cropped-IMG_20230926_161753-scaled-1-768x766.jpg 768w, http:\/\/explorateursdenature.org\/wp-content\/uploads\/2024\/06\/cropped-IMG_20230926_161753-scaled-1-1536x1533.jpg 1536w\" sizes=\"(max-width: 1921px) 100vw, 1921px\" \/>\r\n                      <div class=\"h-image__frame h-hide-sm style-1807-frameImage style-local-5966-c5-frameImage\"><\/div>\r\n                    <\/div>\r\n                  <\/div>\r\n                <\/div>\r\n              <\/div>\r\n            <\/div>\r\n          <\/div>\r\n          <div class=\"h-column h-column-container d-flex h-col-lg-auto h-col-md-auto h-col-auto style-1808-outer style-local-5966-c6-outer\">\r\n            <div data-colibri-id=\"5966-c6\" class=\"d-flex h-flex-basis h-column__inner h-px-lg-0 h-px-md-0 h-px-2 v-inner-lg-0 v-inner-md-0 v-inner-2 style-1808 style-local-5966-c6 position-relative\">\r\n              <!---->\r\n              <!---->\r\n              <div class=\"w-100 h-y-container h-column__content h-column__v-align flex-basis-100 align-self-lg-center align-self-md-center align-self-center\">\r\n                <!---->\r\n                <div data-colibri-id=\"5966-c7\" class=\"h-global-transition-all h-heading style-1809 style-local-5966-c7 position-relative h-element\">\r\n                  <!---->\r\n                  <div class=\"h-heading__outer style-1809 style-local-5966-c7\">\r\n                    <!---->\r\n                    <!---->\r\n                    <h3 class=\"\">Kivi\u00d4lak<\/h3>\r\n                  <\/div>\r\n                <\/div>\r\n                <div data-colibri-id=\"5966-c8\" class=\"h-text h-text-component style-1810 style-local-5966-c8 position-relative h-element\">\r\n                  <!---->\r\n                  <!---->\r\n                  <div class=\"\">\r\n                    <p>Mais qui vit donc au lac ? Enfile tes yeux d\u2019explorateur.\r\n                      <br>Mets en route ton esprit de d\u00e9tective. Et suis la piste pour r\u00e9soudre l\u2019enqu\u00eate.\r\n                      <br>\r\n                      <br>\u00c0 chaque \u00e9tape, tu devras r\u00e9aliser un atelier pour d\u00e9couvrir un maillon de la cha\u00eene alimentaire des habitants du lac. Plantes, phytoplancton, zooplancton, poissons, oiseaux\u2026 : plong\u00e9e dans l\u2019\u00e9cosyst\u00e8me du lac du Bourget.<\/p>\r\n                    <p>Tissons le lien de la cha\u00eene alimentaire. D\u00e9roulons le file du qui mange qui et est mang\u00e9 par qui. Et que se passe-t-il quand un des maillons dispara\u00eet, parce que c\u2019est l\u2019hiver, ou parce que le climat change ? Quelles strat\u00e9gies trouver\r\n                      pour rester accroch\u00e9s \u00e0 la grande cha\u00eene de la vie ?<\/p>\r\n                    <p>Une exploration des esp\u00e8ces et des habitats naturels autour de l\u2019eau.\r\n                      <br>Jeu de piste ludique, sensoriel et scientifique.<\/p>\r\n                    <p>\r\n                      <br>\r\n                    <\/p>\r\n                    <p>\r\n                      <br>\r\n                    <\/p>\r\n                    <p>\r\n                      <br>\r\n                    <\/p>\r\n                    <p>\r\n                      <br>\r\n                    <\/p>\r\n                  <\/div>\r\n                <\/div>\r\n              <\/div>\r\n            <\/div>\r\n          <\/div>\r\n        <\/div>\r\n      <\/div>\r\n    <\/div>\r\n  <\/div>\r\n<\/div>","protected":false},"excerpt":{"rendered":"<p>Kivi\u00d4lak Mais qui vit donc au lac ? Enfile tes yeux d\u2019explorateur. Mets en route ton esprit de d\u00e9tective. Et suis la piste pour r\u00e9soudre l\u2019enqu\u00eate. \u00c0 chaque \u00e9tape, tu devras r\u00e9aliser un atelier pour d\u00e9couvrir un maillon de la cha\u00eene alimentaire des habitants du lac. Plantes, phytoplancton, zooplancton, poissons, oiseaux\u2026 : plong\u00e9e dans l\u2019\u00e9cosyst\u00e8me [&hellip;]<\/p>\n","protected":false},"author":1,"featured_media":0,"parent":133,"menu_order":7,"comment_status":"closed","ping_status":"closed","template":"page-templates\/full-width-page.php","meta":{"footnotes":""},"class_list":["post-5966","page","type-page","status-publish","hentry"],"_links":{"self":[{"href":"http:\/\/explorateursdenature.org\/index.php\/wp-json\/wp\/v2\/pages\/5966"}],"collection":[{"href":"http:\/\/explorateursdenature.org\/index.php\/wp-json\/wp\/v2\/pages"}],"about":[{"href":"http:\/\/explorateursdenature.org\/index.php\/wp-json\/wp\/v2\/types\/page"}],"author":[{"embeddable":true,"href":"http:\/\/explorateursdenature.org\/index.php\/wp-json\/wp\/v2\/users\/1"}],"replies":[{"embeddable":true,"href":"http:\/\/explorateursdenature.org\/index.php\/wp-json\/wp\/v2\/comments?post=5966"}],"version-history":[{"count":2,"href":"http:\/\/explorateursdenature.org\/index.php\/wp-json\/wp\/v2\/pages\/5966\/revisions"}],"predecessor-version":[{"id":5972,"href":"http:\/\/explorateursdenature.org\/index.php\/wp-json\/wp\/v2\/pages\/5966\/revisions\/5972"}],"up":[{"embeddable":true,"href":"http:\/\/explorateursdenature.org\/index.php\/wp-json\/wp\/v2\/pages\/133"}],"wp:attachment":[{"href":"http:\/\/explorateursdenature.org\/index.php\/wp-json\/wp\/v2\/media?parent=5966"}],"curies":[{"name":"wp","href":"https:\/\/api.w.org\/{rel}","templated":true}]}}