{"id":3738,"date":"2021-04-09T15:54:56","date_gmt":"2021-04-09T13:54:56","guid":{"rendered":"http:\/\/explorateursdenature.org\/?page_id=3738"},"modified":"2026-03-30T14:27:57","modified_gmt":"2026-03-30T12:27:57","slug":"tarifs","status":"publish","type":"page","link":"http:\/\/explorateursdenature.org\/index.php\/qui-suis-je\/tarifs\/","title":{"rendered":"Tarifs"},"content":{"rendered":"<div data-colibri-id=\"3738-c1\" class=\"style-1154 style-local-3738-c1 position-relative\">\n  <!---->\n  <div data-colibri-component=\"section\" data-colibri-id=\"3738-c2\" id=\"reusable-sections\" class=\"h-section h-section-global-spacing d-flex align-items-lg-center align-items-md-center align-items-center style-1155 style-local-3738-c2 position-relative\">\n    <!---->\n    <!---->\n    <div class=\"h-section-grid-container h-section-boxed-container\">\n      <!---->\n      <div data-colibri-id=\"3738-c3\" class=\"h-row-container gutters-row-lg-2 gutters-row-md-2 gutters-row-2 gutters-row-v-lg-2 gutters-row-v-md-2 gutters-row-v-2 style-1156 style-local-3738-c3 position-relative\">\n        <!---->\n        <div class=\"h-row justify-content-lg-center justify-content-md-center justify-content-center align-items-lg-stretch align-items-md-stretch align-items-stretch gutters-col-lg-2 gutters-col-md-2 gutters-col-2 gutters-col-v-lg-2 gutters-col-v-md-2 gutters-col-v-2\">\n          <!---->\n          <div class=\"h-column h-column-container d-flex h-col-lg-auto h-col-md-auto h-col-auto style-1157-outer style-local-3738-c4-outer\">\n            <div data-colibri-id=\"3738-c4\" class=\"d-flex h-flex-basis h-column__inner h-px-lg-0 h-px-md-0 h-px-2 v-inner-lg-0 v-inner-md-0 v-inner-2 style-1157 style-local-3738-c4 position-relative\">\n              <!---->\n              <!---->\n              <div class=\"w-100 h-y-container h-column__content h-column__v-align flex-basis-100 align-self-lg-center align-self-md-center align-self-center\">\n                <!---->\n                <div data-colibri-id=\"3738-c5\" class=\"h-global-transition-all h-heading style-1158 style-local-3738-c5 position-relative h-element\">\n                  <!---->\n                  <div class=\"h-heading__outer style-1158 style-local-3738-c5\">\n                    <!---->\n                    <!---->\n                    <h3 class=\"\">Tarifs indicatifs<\/h3>\n                  <\/div>\n                <\/div>\n                <div data-colibri-id=\"3738-c6\" class=\"h-text h-text-component style-1159 style-local-3738-c6 position-relative h-element\">\n                  <!---->\n                  <!---->\n                  <div class=\"\">\n                    <p>Pour vous donner une id\u00e9e de budget, voici les tarifs indicatifs 2026 des ateliers Explorateurs de Nature pour une animation scolaire ponctuelle par exemple pour 1 classe.\n                      <br>&nbsp;&nbsp;&nbsp;&nbsp;&nbsp;&nbsp;&nbsp;&#8211; 205 \u20ac la demi-journ\u00e9e\n                      <br>&nbsp;&nbsp;&nbsp;&nbsp;&nbsp;&nbsp;&nbsp;&#8211;&nbsp;385 \u20ac la journ\u00e9e.\n                      <br>\n                    <\/p>\n                    <p>Cela comprend\n                      <br>&nbsp;&nbsp;&nbsp;&nbsp;&nbsp;&nbsp;&nbsp;&nbsp;&nbsp;&nbsp;&#8211; la pr\u00e9paration n\u00e9cessaire \u00e0 chaque intervention pour imaginer l&rsquo;atelier qui correspond \u00e0 vos besoins, envies, objectifs et contraintes\n                      <br>&nbsp;&nbsp;&nbsp;&nbsp;&nbsp;&nbsp;&nbsp;&nbsp;&nbsp;&nbsp;&#8211; le mat\u00e9riel p\u00e9dagogique\n                      <br>&nbsp;&nbsp;&nbsp;&nbsp;&nbsp;&nbsp;&nbsp;&nbsp;&nbsp;&nbsp;&#8211; l&rsquo;animation le jour J\n                      <br>&nbsp;&nbsp;&nbsp;&nbsp;&nbsp;&nbsp;&nbsp;&nbsp;&nbsp;&nbsp;&#8211; le bilan et retour d&rsquo;exp\u00e9riences partag\u00e9es.<\/p>\n                    <p>Des frais de d\u00e9placement peuvent s&rsquo;ajouter selon le lieu de l&rsquo;animation.\n                      <br>\n                      <br>Pour des cycles d&rsquo;animations incluant plusieurs journ\u00e9es, n&rsquo;h\u00e9sitez pas \u00e0 me contacter pour un devis ajust\u00e9 \u00e0 vos besoins.<\/p>\n                    <p>\n                      <br>\n                    <\/p>\n                    <p>Tarif animation pour anniversaire&nbsp;:&nbsp;140 \u20ac pour une activit\u00e9 de 1h30-2h avec 8 enfants.<\/p>\n                  <\/div>\n                <\/div>\n              <\/div>\n            <\/div>\n          <\/div>\n        <\/div>\n      <\/div>\n    <\/div>\n  <\/div>\n<\/div>","protected":false},"excerpt":{"rendered":"<p>Tarifs indicatifs Pour vous donner une id\u00e9e de budget, voici les tarifs indicatifs 2026 des ateliers Explorateurs de Nature pour une animation scolaire ponctuelle par exemple pour 1 classe. &nbsp;&nbsp;&nbsp;&nbsp;&nbsp;&nbsp;&nbsp;&#8211; 205 \u20ac la demi-journ\u00e9e &nbsp;&nbsp;&nbsp;&nbsp;&nbsp;&nbsp;&nbsp;&#8211;&nbsp;385 \u20ac la journ\u00e9e. Cela comprend &nbsp;&nbsp;&nbsp;&nbsp;&nbsp;&nbsp;&nbsp;&nbsp;&nbsp;&nbsp;&#8211; la pr\u00e9paration n\u00e9cessaire \u00e0 chaque intervention pour imaginer l&rsquo;atelier qui correspond \u00e0 vos besoins, [&hellip;]<\/p>\n","protected":false},"author":1,"featured_media":0,"parent":130,"menu_order":3,"comment_status":"closed","ping_status":"closed","template":"page-templates\/full-width-page.php","meta":{"footnotes":""},"class_list":["post-3738","page","type-page","status-publish","hentry"],"_links":{"self":[{"href":"http:\/\/explorateursdenature.org\/index.php\/wp-json\/wp\/v2\/pages\/3738"}],"collection":[{"href":"http:\/\/explorateursdenature.org\/index.php\/wp-json\/wp\/v2\/pages"}],"about":[{"href":"http:\/\/explorateursdenature.org\/index.php\/wp-json\/wp\/v2\/types\/page"}],"author":[{"embeddable":true,"href":"http:\/\/explorateursdenature.org\/index.php\/wp-json\/wp\/v2\/users\/1"}],"replies":[{"embeddable":true,"href":"http:\/\/explorateursdenature.org\/index.php\/wp-json\/wp\/v2\/comments?post=3738"}],"version-history":[{"count":8,"href":"http:\/\/explorateursdenature.org\/index.php\/wp-json\/wp\/v2\/pages\/3738\/revisions"}],"predecessor-version":[{"id":6315,"href":"http:\/\/explorateursdenature.org\/index.php\/wp-json\/wp\/v2\/pages\/3738\/revisions\/6315"}],"up":[{"embeddable":true,"href":"http:\/\/explorateursdenature.org\/index.php\/wp-json\/wp\/v2\/pages\/130"}],"wp:attachment":[{"href":"http:\/\/explorateursdenature.org\/index.php\/wp-json\/wp\/v2\/media?parent=3738"}],"curies":[{"name":"wp","href":"https:\/\/api.w.org\/{rel}","templated":true}]}}