{"id":34,"date":"2020-11-03T18:11:14","date_gmt":"2020-11-03T17:11:14","guid":{"rendered":"http:\/\/explorateursdenature.org\/index.php\/colibri-wp\/"},"modified":"2022-03-06T17:31:45","modified_gmt":"2022-03-06T16:31:45","slug":"colibri-wp","status":"publish","type":"page","link":"http:\/\/explorateursdenature.org\/","title":{"rendered":"Bienvenue"},"content":{"rendered":"<div data-colibri-id=\"34-c1\" class=\"style-229 style-local-34-c1 position-relative\">\n  <!---->\n  <div data-colibri-component=\"section\" data-colibri-id=\"34-c2\" id=\"features\" class=\"h-section h-section-global-spacing d-flex align-items-lg-center align-items-md-center align-items-center style-235 style-local-34-c2 position-relative\">\n    <!---->\n    <!---->\n    <div class=\"h-section-grid-container h-section-boxed-container\">\n      <!---->\n      <div data-colibri-id=\"34-c3\" class=\"h-row-container gutters-row-lg-2 gutters-row-md-2 gutters-row-2 gutters-row-v-lg-2 gutters-row-v-md-2 gutters-row-v-2 style-236 style-local-34-c3 position-relative\">\n        <!---->\n        <div class=\"h-row justify-content-lg-center justify-content-md-center justify-content-center align-items-lg-stretch align-items-md-stretch align-items-stretch gutters-col-lg-2 gutters-col-md-2 gutters-col-2 gutters-col-v-lg-2 gutters-col-v-md-2 gutters-col-v-2\">\n          <!---->\n          <div class=\"h-column h-column-container d-flex h-col-lg-4 h-col-md-6 h-col-12 style-237-outer style-local-34-c4-outer\">\n            <div data-colibri-id=\"34-c4\" class=\"d-flex h-flex-basis h-column__inner h-px-lg-0 h-px-md-0 h-px-0 v-inner-lg-0 v-inner-md-0 v-inner-0 style-237 style-local-34-c4 position-relative\">\n              <!---->\n              <!---->\n              <div class=\"w-100 h-y-container h-column__content h-column__v-align flex-basis-100 align-self-lg-start align-self-md-start align-self-start\">\n                <!---->\n                <div data-colibri-id=\"34-c5\" class=\"d-block style-238 style-local-34-c5 position-relative h-element\">\n                  <!---->\n                  <div class=\"h-image__frame-container-outer\">\n                    <a href=\"http:\/\/explorateursdenature.org\/index.php\/explorons-la-nature\/\" h-use-smooth-scroll=\"true\" class=\"image-link\">\n                      <div class=\"h-image__frame-container\">\n                        <!---->\n                        <!---->\n                        <img loading=\"lazy\" decoding=\"async\" width=\"600\" height=\"600\" src=\"http:\/\/explorateursdenature.org\/wp-content\/uploads\/2021\/10\/cropped-home.jpg\" class=\"wp-image-3916 style-238-image style-local-34-c5-image\" alt=\"explorons la biodiversit\u00e9\" srcset=\"http:\/\/explorateursdenature.org\/wp-content\/uploads\/2021\/10\/cropped-home.jpg 600w, http:\/\/explorateursdenature.org\/wp-content\/uploads\/2021\/10\/cropped-home-300x300.jpg 300w, http:\/\/explorateursdenature.org\/wp-content\/uploads\/2021\/10\/cropped-home-150x150.jpg 150w\" sizes=\"(max-width: 600px) 100vw, 600px\" \/>\n                        <div class=\"h-image__frame h-hide-lg h-hide-md h-hide-sm style-238-frameImage style-local-34-c5-frameImage\"><\/div>\n                      <\/div>\n                    <\/a>\n                  <\/div>\n                <\/div>\n                <div data-colibri-id=\"34-c6\" class=\"h-row-container gutters-row-lg-0 gutters-row-md-0 gutters-row-2 gutters-row-v-lg-0 gutters-row-v-md-0 gutters-row-v-2 style-239 style-local-34-c6 position-relative\">\n                  <!---->\n                  <div class=\"h-row justify-content-lg-center justify-content-md-center justify-content-center align-items-lg-stretch align-items-md-stretch align-items-stretch gutters-col-lg-0 gutters-col-md-0 gutters-col-2 gutters-col-v-lg-0 gutters-col-v-md-0 gutters-col-v-2\">\n                    <!---->\n                    <div class=\"h-column h-column-container d-flex h-col-lg-auto h-col-md-auto h-col-auto style-240-outer style-local-34-c7-outer\">\n                      <div data-colibri-id=\"34-c7\" class=\"d-flex h-flex-basis h-column__inner h-px-lg-2 h-px-md-3 h-px-2 v-inner-lg-2 v-inner-md-3 v-inner-2 style-240 style-local-34-c7 position-relative\">\n                        <!---->\n                        <!---->\n                        <div class=\"w-100 h-y-container h-column__content h-column__v-align flex-basis-100 align-self-lg-start align-self-md-start align-self-start\">\n                          <!---->\n                          <div data-colibri-id=\"34-c8\" class=\"h-global-transition-all h-heading style-241 style-local-34-c8 position-relative h-element\">\n                            <!---->\n                            <div class=\"h-heading__outer style-241 style-local-34-c8\">\n                              <!---->\n                              <!---->\n                              <a href=\"http:\/\/explorateursdenature.org\/index.php\/explorons-la-nature\/\" h-use-smooth-scroll=\"true\">\n                                <h4 class=\"\">Explorons la Biodiversit\u00e9<\/h4>\n                              <\/a>\n                            <\/div>\n                          <\/div>\n                          <div data-colibri-id=\"34-c9\" class=\"h-text h-text-component style-242 style-local-34-c9 position-relative h-element\">\n                            <!---->\n                            <!---->\n                            <div class=\"\">\n                              <p>Eaux, for\u00eats, prairies, milieux montagnards : explorons la biodiversit\u00e9 de ces \u00e9cosyst\u00e8mes, les interactions entre les diff\u00e9rentes esp\u00e8ces qui y vivent, leur richesse et leur fragilit\u00e9.\n                                <br>\n                              <\/p>\n                            <\/div>\n                          <\/div>\n                        <\/div>\n                      <\/div>\n                    <\/div>\n                  <\/div>\n                <\/div>\n              <\/div>\n            <\/div>\n          <\/div>\n          <div class=\"h-column h-column-container d-flex h-col-lg-4 h-col-md-6 h-col-12 style-237-outer style-local-34-c10-outer\">\n            <div data-colibri-id=\"34-c10\" class=\"d-flex h-flex-basis h-column__inner h-px-lg-0 h-px-md-0 h-px-0 v-inner-lg-0 v-inner-md-0 v-inner-0 style-237 style-local-34-c10 position-relative\">\n              <!---->\n              <!---->\n              <div class=\"w-100 h-y-container h-column__content h-column__v-align flex-basis-100 align-self-lg-start align-self-md-start align-self-start\">\n                <!---->\n                <div data-colibri-id=\"34-c11\" class=\"d-block style-238 style-local-34-c11 position-relative h-element\">\n                  <!---->\n                  <div class=\"h-image__frame-container-outer\">\n                    <a href=\"http:\/\/explorateursdenature.org\/index.php\/qui-suis-je\/\" h-use-smooth-scroll=\"true\" class=\"image-link\">\n                      <div class=\"h-image__frame-container\">\n                        <!---->\n                        <!---->\n                        <img loading=\"lazy\" decoding=\"async\" width=\"600\" height=\"600\" src=\"http:\/\/explorateursdenature.org\/wp-content\/uploads\/2020\/11\/cropped-partageons-1-JPMugnier.jpg\" class=\"wp-image-2627 style-238-image style-local-34-c11-image\" alt=\"Partageons\" srcset=\"http:\/\/explorateursdenature.org\/wp-content\/uploads\/2020\/11\/cropped-partageons-1-JPMugnier.jpg 600w, http:\/\/explorateursdenature.org\/wp-content\/uploads\/2020\/11\/cropped-partageons-1-JPMugnier-300x300.jpg 300w, http:\/\/explorateursdenature.org\/wp-content\/uploads\/2020\/11\/cropped-partageons-1-JPMugnier-150x150.jpg 150w\" sizes=\"(max-width: 600px) 100vw, 600px\" \/>\n                        <div class=\"h-image__frame h-hide-lg h-hide-md h-hide-sm style-238-frameImage style-local-34-c11-frameImage\"><\/div>\n                      <\/div>\n                    <\/a>\n                  <\/div>\n                <\/div>\n                <div data-colibri-id=\"34-c12\" class=\"h-row-container gutters-row-lg-0 gutters-row-md-0 gutters-row-2 gutters-row-v-lg-0 gutters-row-v-md-0 gutters-row-v-2 style-239 style-local-34-c12 position-relative\">\n                  <!---->\n                  <div class=\"h-row justify-content-lg-center justify-content-md-center justify-content-center align-items-lg-stretch align-items-md-stretch align-items-stretch gutters-col-lg-0 gutters-col-md-0 gutters-col-2 gutters-col-v-lg-0 gutters-col-v-md-0 gutters-col-v-2\">\n                    <!---->\n                    <div class=\"h-column h-column-container d-flex h-col-lg-auto h-col-md-auto h-col-auto style-240-outer style-local-34-c13-outer\">\n                      <div data-colibri-id=\"34-c13\" class=\"d-flex h-flex-basis h-column__inner h-px-lg-2 h-px-md-3 h-px-2 v-inner-lg-2 v-inner-md-3 v-inner-2 style-240 style-local-34-c13 position-relative\">\n                        <!---->\n                        <!---->\n                        <div class=\"w-100 h-y-container h-column__content h-column__v-align flex-basis-100 align-self-lg-start align-self-md-start align-self-start\">\n                          <!---->\n                          <div data-colibri-id=\"34-c14\" class=\"h-global-transition-all h-heading style-241 style-local-34-c14 position-relative h-element\">\n                            <!---->\n                            <div class=\"h-heading__outer style-241 style-local-34-c14\">\n                              <!---->\n                              <!---->\n                              <a href=\"http:\/\/explorateursdenature.org\/index.php\/qui-suis-je\/\" h-use-smooth-scroll=\"true\">\n                                <h4 class=\"\">Qui suis-je ?<\/h4>\n                              <\/a>\n                            <\/div>\n                          <\/div>\n                          <div data-colibri-id=\"34-c15\" class=\"h-text h-text-component style-242 style-local-34-c15 position-relative h-element\">\n                            <!---->\n                            <!---->\n                            <div class=\"\">\n                              <p>Exploratrice de nature ?\n                                <br>Dynamique et curieuse, j\u2019aime partager et transmettre, apprendre, d\u00e9couvrir, ici et ailleurs : l\u2019aventure est aussi en bas de chez soi !<\/p>\n                            <\/div>\n                          <\/div>\n                        <\/div>\n                      <\/div>\n                    <\/div>\n                  <\/div>\n                <\/div>\n              <\/div>\n            <\/div>\n          <\/div>\n          <div class=\"h-column h-column-container d-flex h-col-lg-4 h-col-md-6 h-col-12 style-237-outer style-local-34-c16-outer\">\n            <div data-colibri-id=\"34-c16\" class=\"d-flex h-flex-basis h-column__inner h-px-lg-0 h-px-md-0 h-px-0 v-inner-lg-0 v-inner-md-0 v-inner-0 style-237 style-local-34-c16 position-relative\">\n              <!---->\n              <!---->\n              <div class=\"w-100 h-y-container h-column__content h-column__v-align flex-basis-100 align-self-lg-start align-self-md-start align-self-start\">\n                <!---->\n                <div data-colibri-id=\"34-c17\" class=\"d-block style-238 style-local-34-c17 position-relative h-element\">\n                  <!---->\n                  <div class=\"h-image__frame-container-outer\">\n                    <a href=\"http:\/\/explorateursdenature.org\/index.php\/rencontrons-nous\/\" h-use-smooth-scroll=\"true\" class=\"image-link\">\n                      <div class=\"h-image__frame-container\">\n                        <!---->\n                        <!---->\n                        <img loading=\"lazy\" decoding=\"async\" width=\"524\" height=\"525\" src=\"http:\/\/explorateursdenature.org\/wp-content\/uploads\/2020\/11\/cropped-ateliers-faits-maison.jpg\" class=\"wp-image-2629 style-238-image style-local-34-c17-image\" alt=\"\" srcset=\"http:\/\/explorateursdenature.org\/wp-content\/uploads\/2020\/11\/cropped-ateliers-faits-maison.jpg 524w, http:\/\/explorateursdenature.org\/wp-content\/uploads\/2020\/11\/cropped-ateliers-faits-maison-300x300.jpg 300w, http:\/\/explorateursdenature.org\/wp-content\/uploads\/2020\/11\/cropped-ateliers-faits-maison-150x150.jpg 150w\" sizes=\"(max-width: 524px) 100vw, 524px\" \/>\n                        <div class=\"h-image__frame h-hide-lg h-hide-md h-hide-sm style-238-frameImage style-local-34-c17-frameImage\"><\/div>\n                      <\/div>\n                    <\/a>\n                  <\/div>\n                <\/div>\n                <div data-colibri-id=\"34-c18\" class=\"h-row-container gutters-row-lg-0 gutters-row-md-0 gutters-row-2 gutters-row-v-lg-0 gutters-row-v-md-0 gutters-row-v-2 style-239 style-local-34-c18 position-relative\">\n                  <!---->\n                  <div class=\"h-row justify-content-lg-center justify-content-md-center justify-content-center align-items-lg-stretch align-items-md-stretch align-items-stretch gutters-col-lg-0 gutters-col-md-0 gutters-col-2 gutters-col-v-lg-0 gutters-col-v-md-0 gutters-col-v-2\">\n                    <!---->\n                    <div class=\"h-column h-column-container d-flex h-col-lg-auto h-col-md-auto h-col-auto style-240-outer style-local-34-c19-outer\">\n                      <div data-colibri-id=\"34-c19\" class=\"d-flex h-flex-basis h-column__inner h-px-lg-2 h-px-md-3 h-px-2 v-inner-lg-2 v-inner-md-3 v-inner-2 style-240 style-local-34-c19 position-relative\">\n                        <!---->\n                        <!---->\n                        <div class=\"w-100 h-y-container h-column__content h-column__v-align flex-basis-100 align-self-lg-start align-self-md-start align-self-start\">\n                          <!---->\n                          <div data-colibri-id=\"34-c20\" class=\"h-global-transition-all h-heading style-241 style-local-34-c20 position-relative h-element\">\n                            <!---->\n                            <div class=\"h-heading__outer style-241 style-local-34-c20\">\n                              <!---->\n                              <!---->\n                              <a href=\"http:\/\/explorateursdenature.org\/index.php\/rencontrons-nous\/\" h-use-smooth-scroll=\"true\">\n                                <h4 class=\"\">Rencontrons-nous !<\/h4>\n                              <\/a>\n                            <\/div>\n                          <\/div>\n                          <div data-colibri-id=\"34-c21\" class=\"h-text h-text-component style-242 style-local-34-c21 position-relative h-element\">\n                            <!---->\n                            <!---->\n                            <div class=\"\">\n                              <p>Je vous recontacterai avec plaisir pour \u00e9changer sur vos envies de d\u00e9couvertes et d\u2019explorations : ateliers \u00e0 la journ\u00e9e ou demi journ\u00e9e,&nbsp;projet p\u00e9dagogique scolaire, animation d\u2019anniversaire&#8230;\n                                <br>\n                              <\/p>\n                            <\/div>\n                          <\/div>\n                        <\/div>\n                      <\/div>\n                    <\/div>\n                  <\/div>\n                <\/div>\n              <\/div>\n            <\/div>\n          <\/div>\n        <\/div>\n      <\/div>\n    <\/div>\n  <\/div>\n<\/div>","protected":false},"excerpt":{"rendered":"<p>Explorons la Biodiversit\u00e9 Eaux, for\u00eats, prairies, milieux montagnards : explorons la biodiversit\u00e9 de ces \u00e9cosyst\u00e8mes, les interactions entre les diff\u00e9rentes esp\u00e8ces qui y vivent, leur richesse et leur fragilit\u00e9. Qui suis-je ? Exploratrice de nature ? Dynamique et curieuse, j\u2019aime partager et transmettre, apprendre, d\u00e9couvrir, ici et ailleurs : l\u2019aventure est aussi en bas de [&hellip;]<\/p>\n","protected":false},"author":1,"featured_media":0,"parent":0,"menu_order":1,"comment_status":"closed","ping_status":"closed","template":"page-templates\/homepage.php","meta":{"footnotes":""},"class_list":["post-34","page","type-page","status-publish","hentry"],"_links":{"self":[{"href":"http:\/\/explorateursdenature.org\/index.php\/wp-json\/wp\/v2\/pages\/34"}],"collection":[{"href":"http:\/\/explorateursdenature.org\/index.php\/wp-json\/wp\/v2\/pages"}],"about":[{"href":"http:\/\/explorateursdenature.org\/index.php\/wp-json\/wp\/v2\/types\/page"}],"author":[{"embeddable":true,"href":"http:\/\/explorateursdenature.org\/index.php\/wp-json\/wp\/v2\/users\/1"}],"replies":[{"embeddable":true,"href":"http:\/\/explorateursdenature.org\/index.php\/wp-json\/wp\/v2\/comments?post=34"}],"version-history":[{"count":20,"href":"http:\/\/explorateursdenature.org\/index.php\/wp-json\/wp\/v2\/pages\/34\/revisions"}],"predecessor-version":[{"id":5013,"href":"http:\/\/explorateursdenature.org\/index.php\/wp-json\/wp\/v2\/pages\/34\/revisions\/5013"}],"wp:attachment":[{"href":"http:\/\/explorateursdenature.org\/index.php\/wp-json\/wp\/v2\/media?parent=34"}],"curies":[{"name":"wp","href":"https:\/\/api.w.org\/{rel}","templated":true}]}}