{"id":132,"date":"2020-11-03T18:49:42","date_gmt":"2020-11-03T17:49:42","guid":{"rendered":"http:\/\/explorateursdenature.org\/?page_id=132"},"modified":"2024-06-20T16:55:46","modified_gmt":"2024-06-20T14:55:46","slug":"approches-methodes-et-outils","status":"publish","type":"page","link":"http:\/\/explorateursdenature.org\/index.php\/qui-suis-je\/approches-methodes-et-outils\/","title":{"rendered":"Approches, m\u00e9thodes et outils"},"content":{"rendered":"<div data-colibri-id=\"132-c1\" class=\"style-292 style-local-132-c1 position-relative\">\n  <!---->\n  <div data-colibri-component=\"section\" data-colibri-id=\"132-c2\" id=\"content\" class=\"h-section h-section-global-spacing d-flex align-items-lg-center align-items-md-center align-items-center style-293 style-local-132-c2 position-relative\">\n    <!---->\n    <!---->\n    <div class=\"h-section-grid-container h-section-boxed-container\">\n      <!---->\n      <div data-colibri-id=\"132-c3\" class=\"h-row-container gutters-row-lg-2 gutters-row-md-2 gutters-row-2 gutters-row-v-lg-2 gutters-row-v-md-2 gutters-row-v-2 style-294 style-local-132-c3 position-relative\">\n        <!---->\n        <div class=\"h-row justify-content-lg-center justify-content-md-center justify-content-center align-items-lg-stretch align-items-md-stretch align-items-stretch gutters-col-lg-2 gutters-col-md-2 gutters-col-2 gutters-col-v-lg-2 gutters-col-v-md-2 gutters-col-v-2\">\n          <!---->\n          <div class=\"h-column h-column-container d-flex h-col-lg-auto h-col-md-auto h-col-auto style-295-outer style-local-132-c4-outer\">\n            <div data-colibri-id=\"132-c4\" class=\"d-flex h-flex-basis h-column__inner h-px-lg-0 h-px-md-2 h-px-0 v-inner-lg-0 v-inner-md-2 v-inner-0 style-295 style-local-132-c4 position-relative\">\n              <!---->\n              <!---->\n              <div class=\"w-100 h-y-container h-column__content h-column__v-align flex-basis-100 align-self-lg-start align-self-md-start align-self-start\">\n                <!---->\n                <div data-colibri-id=\"132-c5\" class=\"d-block style-296 style-local-132-c5 position-relative h-element\">\n                  <!---->\n                  <div class=\"h-image__frame-container-outer\">\n                    <div class=\"h-image__frame-container\">\n                      <!---->\n                      <!---->\n                      <img loading=\"lazy\" decoding=\"async\" width=\"524\" height=\"525\" src=\"http:\/\/explorateursdenature.org\/wp-content\/uploads\/2020\/11\/cropped-ateliers-faits-maison.jpg\" class=\"wp-image-2629 style-296-image style-local-132-c5-image\" alt=\"\" srcset=\"http:\/\/explorateursdenature.org\/wp-content\/uploads\/2020\/11\/cropped-ateliers-faits-maison.jpg 524w, http:\/\/explorateursdenature.org\/wp-content\/uploads\/2020\/11\/cropped-ateliers-faits-maison-300x300.jpg 300w, http:\/\/explorateursdenature.org\/wp-content\/uploads\/2020\/11\/cropped-ateliers-faits-maison-150x150.jpg 150w\" sizes=\"(max-width: 524px) 100vw, 524px\" \/>\n                      <div class=\"h-image__frame h-hide-sm style-296-frameImage style-local-132-c5-frameImage\"><\/div>\n                    <\/div>\n                  <\/div>\n                <\/div>\n              <\/div>\n            <\/div>\n          <\/div>\n          <div class=\"h-column h-column-container d-flex h-col-lg-auto h-col-md-auto h-col-auto style-297-outer style-local-132-c6-outer\">\n            <div data-colibri-id=\"132-c6\" class=\"d-flex h-flex-basis h-column__inner h-px-lg-0 h-px-md-0 h-px-2 v-inner-lg-0 v-inner-md-0 v-inner-2 style-297 style-local-132-c6 position-relative\">\n              <!---->\n              <!---->\n              <div class=\"w-100 h-y-container h-column__content h-column__v-align flex-basis-100 align-self-lg-center align-self-md-center align-self-center\">\n                <!---->\n                <div data-colibri-id=\"132-c7\" class=\"h-global-transition-all h-heading style-298 style-local-132-c7 position-relative h-element\">\n                  <!---->\n                  <div class=\"h-heading__outer style-298 style-local-132-c7\">\n                    <!---->\n                    <!---->\n                    <h3 class=\"\">Approches, m\u00e9thodes et outils<\/h3>\n                  <\/div>\n                <\/div>\n                <div data-colibri-id=\"132-c8\" class=\"h-text h-text-component style-299 style-local-132-c8 position-relative h-element\">\n                  <!---->\n                  <!---->\n                  <div class=\"\">\n                    <p>Les ateliers Explorateurs de Nature sont con\u00e7us et imagin\u00e9s dans le but de sensibiliser les personnes (vous ! enfants et adultes) \u00e0 l\u2019environnement et \u00e0 la biodiversit\u00e9 au sens large.<\/p>\n                    <p>Par des activit\u00e9s ludiques, m\u00ealant approches sensorielle, artistique et scientifique, outils et supports p\u00e9dagogiques adapt\u00e9s \u00e0 chaque \u00e2ge, je propose de vous accompagner dans l\u2019exploration de la multitude de milieux naturels qui nous\n                      entourent, et l\u2019immense richesse des esp\u00e8ces qui y vivent.<\/p>\n                    <p>Dans une exp\u00e9rience d\u2019immersion en milieu naturel, vous serez acteurs de vos d\u00e9couvertes. Observation, jeux, activit\u00e9s ludiques. Utilisation de carte, boussole, cl\u00e9 de d\u00e9termination, jumelles, loupe, loupe de botaniste. R\u00e9alisation\n                      de mesures scientifiques, relev\u00e9s naturalistes, inventaires. Imagination et cr\u00e9ativit\u00e9 : bricolage, land-art, contes &amp; l\u00e9gendes&#8230;<\/p>\n                    <p>Vous souhaitez \u00e9veiller votre curiosit\u00e9 ? J\u2019aimerais vous guider pour mieux conna\u00eetre la nature, peut-\u00eatre l\u2019aimer, la respecter et la prot\u00e9ger. Mais aussi partager avec vous cette exp\u00e9rience de notre propre lien au Vivant, cette ouverture\n                      \u00e0 la connaissance de soi et \u00e0 un autre \u00e9panouissement, par la nature.<\/p>\n                    <p>L\u2019homme dans la nature ? J\u2019aimerais \u00e9changer avec vous sur le parall\u00e8le que j\u2019aper\u00e7ois entre la biodiversit\u00e9 des \u00e9cosyst\u00e8mes et le vivre ensemble, pointer la n\u00e9cessit\u00e9 de cette diversit\u00e9, stimuler la coop\u00e9ration et prendre plaisir\n                      \u00e0 cr\u00e9er ensemble, dans un cadre bienveillant.<\/p>\n                  <\/div>\n                <\/div>\n              <\/div>\n            <\/div>\n          <\/div>\n        <\/div>\n      <\/div>\n    <\/div>\n  <\/div>\n  <div data-colibri-component=\"section\" data-colibri-id=\"132-c9\" id=\"reusable-sections\" class=\"h-section h-section-global-spacing d-flex align-items-lg-center align-items-md-center align-items-center style-1709 style-local-132-c9 position-relative\">\n    <!---->\n    <!---->\n    <div class=\"h-section-grid-container h-section-boxed-container\">\n      <!---->\n      <div data-colibri-id=\"132-c10\" class=\"h-row-container gutters-row-lg-2 gutters-row-md-2 gutters-row-2 gutters-row-v-lg-2 gutters-row-v-md-2 gutters-row-v-2 style-1710 style-local-132-c10 position-relative\">\n        <!---->\n        <div class=\"h-row justify-content-lg-center justify-content-md-center justify-content-center align-items-lg-stretch align-items-md-stretch align-items-stretch gutters-col-lg-2 gutters-col-md-2 gutters-col-2 gutters-col-v-lg-2 gutters-col-v-md-2 gutters-col-v-2\">\n          <!---->\n          <div class=\"h-column h-column-container d-flex h-col-lg-auto h-col-md-auto h-col-auto style-1711-outer style-local-132-c11-outer\">\n            <div data-colibri-id=\"132-c11\" class=\"d-flex h-flex-basis h-column__inner h-px-lg-0 h-px-md-0 h-px-2 v-inner-lg-0 v-inner-md-0 v-inner-2 style-1711 style-local-132-c11 position-relative\">\n              <!---->\n              <!---->\n              <div class=\"w-100 h-y-container h-column__content h-column__v-align flex-basis-100 align-self-lg-center align-self-md-center align-self-center\">\n                <!---->\n                <div data-colibri-id=\"132-c13\" class=\"h-text h-text-component style-1713 style-local-132-c13 position-relative h-element\">\n                  <!---->\n                  <!---->\n                  <div class=\"\">\n                    <p>Comment porter l\u2019attention des enfants sur la biodiversit\u00e9 pr\u00e9sente dans les espaces naturels de notre territoire ? En les sensibilisant \u00e0 la nature autour de nous, et au lien que nous entretenons avec elle.<\/p>\n                    <p>Par des ateliers con\u00e7u selon leur \u00e2ge, ils d\u00e9couvriront le monde vivant qui les entoure. Et avec une ouverture vers ce que nous pourrions explorer, un peu plus loin. Nous privil\u00e9gions les activit\u00e9s ext\u00e9rieures, l\u2019exp\u00e9rience sensible\n                      et le contact avec la mati\u00e8re&#8230; <\/p>\n                    <p>Chaque atelier comporte une activit\u00e9 d\u2019immersion o\u00f9 les enfants sont acteurs de leurs d\u00e9couvertes. Puis une activit\u00e9 p\u00e9dagogique pour apprendre sur la th\u00e9matique. Et enfin un atelier ludique et\/ou cr\u00e9atif pour que chacun fasse siennes\n                      nos d\u00e9couvertes.Ressentir, avec les 5 sens. Le toucher, la vue, l\u2019ou\u00efe, l\u2019odorat, mais aussi la proprioception, l\u2019\u00e9quilibre.<\/p>\n                    <p>S\u2019\u00e9merveiller : observer, d\u00e9couvrir, exp\u00e9rimenter, comprendre, apprendre&#8230; en jouant.<\/p>\n                    <p>Entre le corporel et le ressenti, ouvrons bien nos mains, nos yeux, nos oreilles, nos narines, et nos orteils pour partir explorer !<\/p>\n                  <\/div>\n                <\/div>\n              <\/div>\n            <\/div>\n          <\/div>\n        <\/div>\n      <\/div>\n    <\/div>\n  <\/div>\n<\/div>","protected":false},"excerpt":{"rendered":"<p>Approches, m\u00e9thodes et outils Les ateliers Explorateurs de Nature sont con\u00e7us et imagin\u00e9s dans le but de sensibiliser les personnes (vous ! enfants et adultes) \u00e0 l\u2019environnement et \u00e0 la biodiversit\u00e9 au sens large. Par des activit\u00e9s ludiques, m\u00ealant approches sensorielle, artistique et scientifique, outils et supports p\u00e9dagogiques adapt\u00e9s \u00e0 chaque \u00e2ge, je propose de [&hellip;]<\/p>\n","protected":false},"author":1,"featured_media":0,"parent":130,"menu_order":2,"comment_status":"closed","ping_status":"closed","template":"page-templates\/full-width-page.php","meta":{"footnotes":""},"class_list":["post-132","page","type-page","status-publish","hentry"],"_links":{"self":[{"href":"http:\/\/explorateursdenature.org\/index.php\/wp-json\/wp\/v2\/pages\/132"}],"collection":[{"href":"http:\/\/explorateursdenature.org\/index.php\/wp-json\/wp\/v2\/pages"}],"about":[{"href":"http:\/\/explorateursdenature.org\/index.php\/wp-json\/wp\/v2\/types\/page"}],"author":[{"embeddable":true,"href":"http:\/\/explorateursdenature.org\/index.php\/wp-json\/wp\/v2\/users\/1"}],"replies":[{"embeddable":true,"href":"http:\/\/explorateursdenature.org\/index.php\/wp-json\/wp\/v2\/comments?post=132"}],"version-history":[{"count":20,"href":"http:\/\/explorateursdenature.org\/index.php\/wp-json\/wp\/v2\/pages\/132\/revisions"}],"predecessor-version":[{"id":5672,"href":"http:\/\/explorateursdenature.org\/index.php\/wp-json\/wp\/v2\/pages\/132\/revisions\/5672"}],"up":[{"embeddable":true,"href":"http:\/\/explorateursdenature.org\/index.php\/wp-json\/wp\/v2\/pages\/130"}],"wp:attachment":[{"href":"http:\/\/explorateursdenature.org\/index.php\/wp-json\/wp\/v2\/media?parent=132"}],"curies":[{"name":"wp","href":"https:\/\/api.w.org\/{rel}","templated":true}]}}